{"id":4385,"date":"2023-10-05T12:33:13","date_gmt":"2023-10-05T16:33:13","guid":{"rendered":"https:\/\/nunavutparks.com\/foire-aux-questions\/"},"modified":"2024-04-03T15:54:03","modified_gmt":"2024-04-03T19:54:03","slug":"foire-aux-questions","status":"publish","type":"page","link":"https:\/\/nunavutparks.com\/fr\/foire-aux-questions\/","title":{"rendered":"Foire aux questions"},"content":{"rendered":"\t\t<div data-elementor-type=\"wp-page\" data-elementor-id=\"4385\" class=\"elementor elementor-4385 elementor-1979\" data-elementor-post-type=\"page\">\n\t\t\t\t\t\t<section class=\"elementor-section elementor-top-section elementor-element elementor-element-9bf1218 elementor-section-full_width elementor-section-height-default elementor-section-height-default\" data-id=\"9bf1218\" data-element_type=\"section\" data-e-type=\"section\">\n\t\t\t\t\t\t<div class=\"elementor-container elementor-column-gap-no\">\n\t\t\t\t\t<div class=\"elementor-column elementor-col-100 elementor-top-column elementor-element elementor-element-d9baa0a\" data-id=\"d9baa0a\" data-element_type=\"column\" data-e-type=\"column\">\n\t\t\t<div class=\"elementor-widget-wrap elementor-element-populated\">\n\t\t\t\t\t\t<div class=\"elementor-element elementor-element-9e05ef8 elementor-widget elementor-widget-template\" data-id=\"9e05ef8\" data-element_type=\"widget\" data-e-type=\"widget\" data-widget_type=\"template.default\">\n\t\t\t\t<div class=\"elementor-widget-container\">\n\t\t\t\t\t\t\t<div class=\"elementor-template\">\n\t\t\t\t\t<div data-elementor-type=\"section\" data-elementor-id=\"6134\" class=\"elementor elementor-6134 elementor-1982\" data-elementor-post-type=\"elementor_library\">\n\t\t\t\t\t<section class=\"elementor-section elementor-top-section elementor-element elementor-element-51dd654 elementor-section-boxed elementor-section-height-default elementor-section-height-default\" data-id=\"51dd654\" data-element_type=\"section\" data-e-type=\"section\" data-settings=\"{&quot;background_background&quot;:&quot;classic&quot;}\">\n\t\t\t\t\t\t\t<div class=\"elementor-background-overlay\"><\/div>\n\t\t\t\t\t\t\t<div class=\"elementor-container elementor-column-gap-default\">\n\t\t\t\t\t<div class=\"elementor-column elementor-col-100 elementor-top-column elementor-element elementor-element-8294ac6\" data-id=\"8294ac6\" data-element_type=\"column\" data-e-type=\"column\">\n\t\t\t<div class=\"elementor-widget-wrap elementor-element-populated\">\n\t\t\t\t\t\t\t<\/div>\n\t\t<\/div>\n\t\t\t\t\t<\/div>\n\t\t<\/section>\n\t\t\t\t<section class=\"elementor-section elementor-top-section elementor-element elementor-element-92a1dc4 elementor-section-boxed elementor-section-height-default elementor-section-height-default\" data-id=\"92a1dc4\" data-element_type=\"section\" data-e-type=\"section\">\n\t\t\t\t\t\t<div class=\"elementor-container elementor-column-gap-default\">\n\t\t\t\t\t<div class=\"elementor-column elementor-col-50 elementor-top-column elementor-element elementor-element-f6aaab4\" data-id=\"f6aaab4\" data-element_type=\"column\" data-e-type=\"column\">\n\t\t\t<div class=\"elementor-widget-wrap elementor-element-populated\">\n\t\t\t\t\t\t<div class=\"elementor-element elementor-element-a128529 elementor-widget elementor-widget-spacer\" data-id=\"a128529\" data-element_type=\"widget\" data-e-type=\"widget\" data-widget_type=\"spacer.default\">\n\t\t\t\t<div class=\"elementor-widget-container\">\n\t\t\t\t\t\t\t<div class=\"elementor-spacer\">\n\t\t\t<div class=\"elementor-spacer-inner\"><\/div>\n\t\t<\/div>\n\t\t\t\t\t\t<\/div>\n\t\t\t\t<\/div>\n\t\t\t\t<div class=\"elementor-element elementor-element-ba7475f elementor-widget elementor-widget-shortcode\" data-id=\"ba7475f\" data-element_type=\"widget\" data-e-type=\"widget\" data-widget_type=\"shortcode.default\">\n\t\t\t\t<div class=\"elementor-widget-container\">\n\t\t\t\t\t\t\t<div class=\"elementor-shortcode\"><div class=\"ast-breadcrumbs-wrapper\">\n\t\t\t<div class=\"ast-breadcrumbs-inner\"><nav role=\"navigation\" aria-label=\"Breadcrumbs\" class=\"breadcrumb-trail breadcrumbs\" ><div class=\"ast-breadcrumbs\"><ul class=\"trail-items\" ><li  class=\"trail-item trail-end\"><span><a href=\"https:\/\/nunavutparks.com\/fr\/\" rel=\"home\"><span >Home<\/span><\/a><\/span><\/li><\/ul><\/div><\/nav><\/div>\n\t\t<\/div><\/div>\n\t\t\t\t\t\t<\/div>\n\t\t\t\t<\/div>\n\t\t\t\t\t<\/div>\n\t\t<\/div>\n\t\t\t\t<div class=\"elementor-column elementor-col-50 elementor-top-column elementor-element elementor-element-7aa60ec\" data-id=\"7aa60ec\" data-element_type=\"column\" data-e-type=\"column\">\n\t\t\t<div class=\"elementor-widget-wrap\">\n\t\t\t\t\t\t\t<\/div>\n\t\t<\/div>\n\t\t\t\t\t<\/div>\n\t\t<\/section>\n\t\t\t\t<\/div>\n\t\t\t\t<\/div>\n\t\t\t\t\t\t<\/div>\n\t\t\t\t<\/div>\n\t\t\t\t\t<\/div>\n\t\t<\/div>\n\t\t\t\t\t<\/div>\n\t\t<\/section>\n\t\t\t\t<section class=\"elementor-section elementor-top-section elementor-element elementor-element-020cdc4 elementor-section-boxed elementor-section-height-default elementor-section-height-default\" data-id=\"020cdc4\" data-element_type=\"section\" data-e-type=\"section\">\n\t\t\t\t\t\t<div class=\"elementor-container elementor-column-gap-default\">\n\t\t\t\t\t<div class=\"elementor-column elementor-col-100 elementor-top-column elementor-element elementor-element-677f9d8\" data-id=\"677f9d8\" data-element_type=\"column\" data-e-type=\"column\">\n\t\t\t<div class=\"elementor-widget-wrap elementor-element-populated\">\n\t\t\t\t\t\t<div class=\"elementor-element elementor-element-8170147 elementor-widget elementor-widget-spacer\" data-id=\"8170147\" data-element_type=\"widget\" data-e-type=\"widget\" data-widget_type=\"spacer.default\">\n\t\t\t\t<div class=\"elementor-widget-container\">\n\t\t\t\t\t\t\t<div class=\"elementor-spacer\">\n\t\t\t<div class=\"elementor-spacer-inner\"><\/div>\n\t\t<\/div>\n\t\t\t\t\t\t<\/div>\n\t\t\t\t<\/div>\n\t\t\t\t\t<\/div>\n\t\t<\/div>\n\t\t\t\t\t<\/div>\n\t\t<\/section>\n\t\t\t\t<section class=\"elementor-section elementor-top-section elementor-element elementor-element-513b7d8 elementor-section-boxed elementor-section-height-default elementor-section-height-default\" data-id=\"513b7d8\" data-element_type=\"section\" data-e-type=\"section\" data-settings=\"{&quot;background_background&quot;:&quot;classic&quot;}\">\n\t\t\t\t\t\t<div class=\"elementor-container elementor-column-gap-default\">\n\t\t\t\t\t<div class=\"elementor-column elementor-col-66 elementor-top-column elementor-element elementor-element-e255076\" data-id=\"e255076\" data-element_type=\"column\" data-e-type=\"column\">\n\t\t\t<div class=\"elementor-widget-wrap elementor-element-populated\">\n\t\t\t\t\t\t<div class=\"elementor-element elementor-element-2c8412a align-at-right uael-faq-box-layout-yes elementor-widget elementor-widget-uael-faq\" data-id=\"2c8412a\" data-element_type=\"widget\" data-e-type=\"widget\" data-widget_type=\"uael-faq.default\">\n\t\t\t\t<div class=\"elementor-widget-container\">\n\t\t\t\t\t\n\t\t\t<div id='uael-faq-wrapper-466' class=\"uael-faq-wrapper\">\n\t\t\t\t<div class=\"uael-faq-container uael-faq-layout-accordion\" data-layout=\"accordion\" >\n\t\t\t\t\t\t\t\t\t\t\t\t<div id=\"uael-accordion-c70254b\" class=\"uael-faq-accordion\" role=\"tablist\">\n\t\t\t\t\t\t\t\t<div class= \"uael-accordion-title\" aria-expanded=\"false\" role=\"tab\">\n\t\t\t\t\t\t\t\t\t<span class=\"uael-accordion-icon uael-accordion-icon-right\">\n\t\t\t\t\t\t\t\t\t\t<span class=\"uael-accordion-icon-closed\"><i class=\"fas fa-chevron-right\"><\/i><\/span>\n\t\t\t\t\t\t\t\t\t\t<span class=\"uael-accordion-icon-opened\"><i class=\"fas fa-chevron-down\"><\/i><\/span>\n\t\t\t\t\t\t\t\t\t<\/span>\n\t\t\t\t\t\t\t\t\t<h5 class=\"uael-question-c70254b uael-question-span\" tabindex=\"0\" id=\"uael-faq-1-69dab561345c3\">QU\u2019EST-CE QU\u2019UN PARC TERRITORIAL?<\/h5>\n\t\t\t\t\t\t\t\t<\/div>\n\t\t\t\t\t\t\t\t<div class=\"uael-accordion-content\" role=\"tabpanel\">\n\t\t\t\t\t\t\t\t\t<span>\n\t\t\t\t\t\t\t\t\t<span><p>Les parcs territoriaux du Nunavut sont nos endroits pr\u00e9f\u00e9r\u00e9s pour faire de la p\u00eache et du camping, cueillir des baies, faire du bateau ou prendre le th\u00e9. Leurs rivi\u00e8res et leurs sentiers ont \u00e9t\u00e9 parcourus pendant des milliers d\u2019ann\u00e9es et nos anc\u00eatres campaient sur leurs sites il y a des si\u00e8cles. Il peut s\u2019agir d\u2019endroits dot\u00e9s de plantes ou de caract\u00e9ristiques naturelles uniques ou de sites dans lesquels des animaux se nourrissent, vivent ou migrent. Il peut \u00e9galement s\u2019agir de destinations que nous souhaitons promouvoir en tant qu\u2019attractions touristiques.<\/p><p>\u00a0<\/p><p>Chaque parc territorial du Nunavut est un \u00ab endroit sp\u00e9cial \u00bb qui signifie quelque chose pour nous, s\u2019inscrit dans nos objectifs et aide \u00e0 susciter l\u2019int\u00e9r\u00eat pour la culture du Nunavut et \u00e0 mieux faire connaitre nos terres. Nos parcs territoriaux sont planifi\u00e9s et g\u00e9r\u00e9s conjointement par les Inuits et le gouvernement du Nunavut, en collaboration avec les collectivit\u00e9s touch\u00e9es.<\/p><\/span>\t\t\t\t\t\t\t\t\t<\/span>\n\t\t\t\t\t\t\t\t<\/div>\n\t\t\t\t\t\t\t<\/div>\n\t\t\t\t\t\t\t\t\t\t\t\t\t\t<div id=\"uael-accordion-c1c5f5c\" class=\"uael-faq-accordion\" role=\"tablist\">\n\t\t\t\t\t\t\t\t<div class= \"uael-accordion-title\" aria-expanded=\"false\" role=\"tab\">\n\t\t\t\t\t\t\t\t\t<span class=\"uael-accordion-icon uael-accordion-icon-right\">\n\t\t\t\t\t\t\t\t\t\t<span class=\"uael-accordion-icon-closed\"><i class=\"fas fa-chevron-right\"><\/i><\/span>\n\t\t\t\t\t\t\t\t\t\t<span class=\"uael-accordion-icon-opened\"><i class=\"fas fa-chevron-down\"><\/i><\/span>\n\t\t\t\t\t\t\t\t\t<\/span>\n\t\t\t\t\t\t\t\t\t<h5 class=\"uael-question-c1c5f5c uael-question-span\" tabindex=\"0\" id=\"uael-faq-2-69dab56134614\">QUELLE EST LA DIFF\u00c9RENCE ENTRE UN PARC TERRITORIAL ET UN PARC NATIONAL? <\/h5>\n\t\t\t\t\t\t\t\t<\/div>\n\t\t\t\t\t\t\t\t<div class=\"uael-accordion-content\" role=\"tabpanel\">\n\t\t\t\t\t\t\t\t\t<span>\n\t\t\t\t\t\t\t\t\t<span><p>Les parcs territoriaux sont \u00e9tablis par le gouvernement du Nunavut pour prot\u00e9ger les paysages et les sites qui rev\u00eatent une importance particuli\u00e8re pour les Inuits et les Nunavoises et Nunavois. Les parcs territoriaux sont planifi\u00e9s et g\u00e9r\u00e9s conjointement par le minist\u00e8re de l\u2019Environnement du gouvernement du Nunavut, la division des Parcs et des Endroits sp\u00e9ciaux du Nunavut et un Comit\u00e9 mixte de planification et de gestion communautaire (CMPGC) li\u00e9 \u00e0 la collectivit\u00e9 associ\u00e9e \u00e0 chaque parc. Un Comit\u00e9 mixte de planification et de gestion du Nunavut donne des conseils \u00e0 l\u2019\u00e9chelle du territoire sur la planification et la gestion du Programme des parcs du Nunavut.<\/p><p>\u00a0<\/p><p>Un parc national est une zone sp\u00e9cialement prot\u00e9g\u00e9e et g\u00e9r\u00e9e par le gouvernement du Canada. Le gouvernement f\u00e9d\u00e9ral \u00e9tablit des parcs nationaux dans chaque r\u00e9gion \u00e9cologique afin que les visiteurs puissent d\u00e9couvrir le large \u00e9ventail de paysages canadiens. Les parcs nationaux du Nunavut sont g\u00e9r\u00e9s conjointement par Parcs Canada et un Comit\u00e9 mixte de planification et de gestion propre \u00e0 chaque parc.<\/p><\/span>\t\t\t\t\t\t\t\t\t<\/span>\n\t\t\t\t\t\t\t\t<\/div>\n\t\t\t\t\t\t\t<\/div>\n\t\t\t\t\t\t\t\t\t\t\t\t\t\t<div id=\"uael-accordion-2ccc8cc\" class=\"uael-faq-accordion\" role=\"tablist\">\n\t\t\t\t\t\t\t\t<div class= \"uael-accordion-title\" aria-expanded=\"false\" role=\"tab\">\n\t\t\t\t\t\t\t\t\t<span class=\"uael-accordion-icon uael-accordion-icon-right\">\n\t\t\t\t\t\t\t\t\t\t<span class=\"uael-accordion-icon-closed\"><i class=\"fas fa-chevron-right\"><\/i><\/span>\n\t\t\t\t\t\t\t\t\t\t<span class=\"uael-accordion-icon-opened\"><i class=\"fas fa-chevron-down\"><\/i><\/span>\n\t\t\t\t\t\t\t\t\t<\/span>\n\t\t\t\t\t\t\t\t\t<h5 class=\"uael-question-2ccc8cc uael-question-span\" tabindex=\"0\" id=\"uael-faq-3-69dab5613463e\">LES INUITS PEUVENT-ILS CHASSER, P\u00caCHER ET CAMPER DANS UN PARC TERRITORIAL? <\/h5>\n\t\t\t\t\t\t\t\t<\/div>\n\t\t\t\t\t\t\t\t<div class=\"uael-accordion-content\" role=\"tabpanel\">\n\t\t\t\t\t\t\t\t\t<span>\n\t\t\t\t\t\t\t\t\t<span><p>Les droits d\u2019exploitation des Inuits li\u00e9s aux parcs territoriaux sont prot\u00e9g\u00e9s par l\u2019Accord sur le Nunavut (AN) et l\u2019Entente-cadre sur les r\u00e9percussions et les avantages pour les Inuits (ERAI) visant les parcs territoriaux dans la r\u00e9gion du Nunavut (exploitation).<\/p><p>\u00a0<\/p><p>L\u2019AN et l\u2019ERAI prot\u00e8gent les droits des Inuits \u00e0 utiliser le territoire sur une base continue pour les activit\u00e9s d\u2019exploitation, les camps \u00e9loign\u00e9s, les cabanes, les pierres \u00e0 sculpture, l\u2019acc\u00e8s aux terres et \u00e0 d\u2019autres fins dans le parc territorial Katannilik.<\/p><p>\u00a0<\/p><p>Le plan de gestion du parc veillera \u00e0 ce que l\u2019utilisation et l\u2019am\u00e9nagement par les visiteurs n\u2019entrent pas en conflit avec l\u2019utilisation et la jouissance du parc par les Inuits.<\/p><\/span>\t\t\t\t\t\t\t\t\t<\/span>\n\t\t\t\t\t\t\t\t<\/div>\n\t\t\t\t\t\t\t<\/div>\n\t\t\t\t\t\t\t\t\t\t\t\t\t\t<div id=\"uael-accordion-22cc4d8\" class=\"uael-faq-accordion\" role=\"tablist\">\n\t\t\t\t\t\t\t\t<div class= \"uael-accordion-title\" aria-expanded=\"false\" role=\"tab\">\n\t\t\t\t\t\t\t\t\t<span class=\"uael-accordion-icon uael-accordion-icon-right\">\n\t\t\t\t\t\t\t\t\t\t<span class=\"uael-accordion-icon-closed\"><i class=\"fas fa-chevron-right\"><\/i><\/span>\n\t\t\t\t\t\t\t\t\t\t<span class=\"uael-accordion-icon-opened\"><i class=\"fas fa-chevron-down\"><\/i><\/span>\n\t\t\t\t\t\t\t\t\t<\/span>\n\t\t\t\t\t\t\t\t\t<h5 class=\"uael-question-22cc4d8 uael-question-span\" tabindex=\"0\" id=\"uael-faq-4-69dab56134663\">COMMENT LES RESSOURCES CULTURELLES DANS LES PARCS TERRITORIAUX SONT-ELLES G\u00c9R\u00c9ES? <\/h5>\n\t\t\t\t\t\t\t\t<\/div>\n\t\t\t\t\t\t\t\t<div class=\"uael-accordion-content\" role=\"tabpanel\">\n\t\t\t\t\t\t\t\t\t<span>\n\t\t\t\t\t\t\t\t\t<span><p>L\u2019\u00e9bauche du plan de gestion exige la protection des sites d\u2019importance culturelle dans le parc, y compris les objets arch\u00e9ologiques. Le personnel des parcs territoriaux surveillera et g\u00e8rera les ressources patrimoniales du parc avec l\u2019aide de conseils du CMPGC et, au besoin, par l\u2019interm\u00e9diaire de partenariats avec les ain\u00e9s des collectivit\u00e9s, le minist\u00e8re de la Culture et du Patrimoine (GN) et la Fiducie du patrimoine inuit.<\/p><p>\u00a0<\/p><p>Si des sites sont endommag\u00e9s ou des objets arch\u00e9ologiques sont d\u00e9couverts, le CMPGC suivra les lois et les politiques et demandera conseil \u00e0 ces partenaires pour att\u00e9nuer les r\u00e9percussions sur les ressources culturelles. Les options de gestion peuvent comprendre la conception de la protection des sites, le retrait d\u2019objets, la r\u00e8glementation, la limitation de l\u2019acc\u00e8s aux sites et la r\u00e9alisation de projets de recherche.<\/p><p>\u00a0<\/p><p>L\u2019\u00e9bauche du plan directeur fournit une orientation au personnel et aux utilisateurs du parc si des sites ou des objets arch\u00e9ologiques sont trouv\u00e9s dans les parcs territoriaux, afin qu\u2019ils soient signal\u00e9s au minist\u00e8re de la Culture et du Patrimoine du GN.<\/p><\/span>\t\t\t\t\t\t\t\t\t<\/span>\n\t\t\t\t\t\t\t\t<\/div>\n\t\t\t\t\t\t\t<\/div>\n\t\t\t\t\t\t\t\t\t\t\t\t\t\t<div id=\"uael-accordion-5d61493\" class=\"uael-faq-accordion\" role=\"tablist\">\n\t\t\t\t\t\t\t\t<div class= \"uael-accordion-title\" aria-expanded=\"false\" role=\"tab\">\n\t\t\t\t\t\t\t\t\t<span class=\"uael-accordion-icon uael-accordion-icon-right\">\n\t\t\t\t\t\t\t\t\t\t<span class=\"uael-accordion-icon-closed\"><i class=\"fas fa-chevron-right\"><\/i><\/span>\n\t\t\t\t\t\t\t\t\t\t<span class=\"uael-accordion-icon-opened\"><i class=\"fas fa-chevron-down\"><\/i><\/span>\n\t\t\t\t\t\t\t\t\t<\/span>\n\t\t\t\t\t\t\t\t\t<h5 class=\"uael-question-5d61493 uael-question-span\" tabindex=\"0\" id=\"uael-faq-5-69dab56134687\">QUELS SONT LES AVANTAGES D\u2019UN PARC TERRITORIAL? <\/h5>\n\t\t\t\t\t\t\t\t<\/div>\n\t\t\t\t\t\t\t\t<div class=\"uael-accordion-content\" role=\"tabpanel\">\n\t\t\t\t\t\t\t\t\t<span>\n\t\t\t\t\t\t\t\t\t<span><p><strong>Sur le plan culturel : <\/strong>Les parcs territoriaux permettront de conserver et de promouvoir le patrimoine et la culture inuits. Ces terres sont d\u2019importants rappels du patrimoine inuit qui remonte \u00e0 des milliers d\u2019ann\u00e9es, et les ressources patrimoniales et les histoires associ\u00e9es au parc seront g\u00e9r\u00e9es de mani\u00e8re durable pour les g\u00e9n\u00e9rations futures. Les valeurs culturelles inuites seront c\u00e9l\u00e9br\u00e9es dans le cadre du plan d\u2019appr\u00e9ciation du patrimoine du parc.<\/p><p>\u00a0<\/p><p><strong>Sur le plan naturel : <\/strong>Les parcs territoriaux prot\u00e8geront les habitats fauniques, les magnifiques paysages et les sites traditionnels d\u2019utilisation des terres. Le plan de gestion du parc recommande la recherche, la surveillance, la r\u00e8glementation et l\u2019att\u00e9nuation des effets humains et naturels sur l\u2019environnement.<\/p><p>\u00a0<\/p><p><strong>Sur le plan \u00e9conomique : <\/strong>Les parcs territoriaux favorisent le d\u00e9veloppement \u00e9conomique gr\u00e2ce \u00e0 des occasions d\u2019affaires et \u00e0 des emplois dans les domaines du tourisme et de la gestion des parcs. Les parcs territoriaux offrent aux collectivit\u00e9s des possibilit\u00e9s de croissance \u00e9conomique durable \u00e0 long terme afin de favoriser le tourisme associ\u00e9 au parc et \u00e0 ses secteurs culturel et commercial. \u00c0 l\u2019avenir, le parc offrira aux Inuits des possibilit\u00e9s de passation de march\u00e9s et d\u2019emploi, des activit\u00e9s communautaires et de parc pour les r\u00e9sidents, ainsi que des programmes \u00e9ducatifs pour les jeunes.<\/p><p>\u00a0<\/p><p><strong>Sur le plan r\u00e9cr\u00e9atif : <\/strong> La beaut\u00e9 du paysage dans les parcs territoriaux captive l\u2019imagination des visiteurs et des populations locales. Les membres de la collectivit\u00e9 continueront d\u2019utiliser le parc territorial pour l\u2019exploitation saisonni\u00e8re, les d\u00e9placements et la d\u00e9tente. Les visiteurs pourront faire du camping, des piqueniques et la visite du site dans ce paysage pittoresque historique. Les infrastructures du parc continueront d\u2019\u00eatre maintenues selon des normes \u00e9lev\u00e9es afin d\u2019assurer la s\u00e9curit\u00e9 et le plaisir de tous les utilisateurs du parc.<\/p><\/span>\t\t\t\t\t\t\t\t\t<\/span>\n\t\t\t\t\t\t\t\t<\/div>\n\t\t\t\t\t\t\t<\/div>\n\t\t\t\t\t\t\t\t\t\t\t\t\t\t<div id=\"uael-accordion-1361fad\" class=\"uael-faq-accordion\" role=\"tablist\">\n\t\t\t\t\t\t\t\t<div class= \"uael-accordion-title\" aria-expanded=\"false\" role=\"tab\">\n\t\t\t\t\t\t\t\t\t<span class=\"uael-accordion-icon uael-accordion-icon-right\">\n\t\t\t\t\t\t\t\t\t\t<span class=\"uael-accordion-icon-closed\"><i class=\"fas fa-chevron-right\"><\/i><\/span>\n\t\t\t\t\t\t\t\t\t\t<span class=\"uael-accordion-icon-opened\"><i class=\"fas fa-chevron-down\"><\/i><\/span>\n\t\t\t\t\t\t\t\t\t<\/span>\n\t\t\t\t\t\t\t\t\t<h5 class=\"uael-question-1361fad uael-question-span\" tabindex=\"0\" id=\"uael-faq-6-69dab561346ad\">QUELLES SONT LES \u00c9TAPES DE LA CR\u00c9ATION D\u2019UN PARC TERRITORIAL AU NUNAVUT?<\/h5>\n\t\t\t\t\t\t\t\t<\/div>\n\t\t\t\t\t\t\t\t<div class=\"uael-accordion-content\" role=\"tabpanel\">\n\t\t\t\t\t\t\t\t\t<span>\n\t\t\t\t\t\t\t\t\t<span><p>L\u2019\u00e9tablissement d\u2019un parc territorial s\u2019\u00e9chelonne sur plusieurs ann\u00e9es, en raison d\u2019une consultation et d\u2019une participation \u00e9troites des r\u00e9sidents des collectivit\u00e9s touch\u00e9es, et int\u00e8gre les meilleures connaissances traditionnelles, locales et scientifiques possibles. La cr\u00e9ation d\u2019un parc comporte cinq phases principales. Nous en sommes actuellement \u00e0 l\u2019\u00e9tape du plan directeur du processus d\u2019\u00e9tablissement du parc de Clyde River. Les cinq phases de l\u2019\u00e9tablissement d\u2019un nouveau parc territorial sont les suivantes :<\/p><ol><li>Phase d\u2019\u00e9tude du contexte<\/li><li>Phase d\u2019\u00e9tude la faisabilit\u00e9<\/li><li>Phase d\u2019\u00e9laboration du plan directeur du parc<\/li><li>Phase d\u2019\u00e9laboration du plan de gestion du parc<\/li><li>Phase de mise en \u0153uvre et d\u2019exploitation<\/li><\/ol><\/span>\t\t\t\t\t\t\t\t\t<\/span>\n\t\t\t\t\t\t\t\t<\/div>\n\t\t\t\t\t\t\t<\/div>\n\t\t\t\t\t\t\t\t\t\t\t<\/div>\n\t\t\t<\/div>\n\t\t\t\t\t\t\t<\/div>\n\t\t\t\t<\/div>\n\t\t\t\t\t<\/div>\n\t\t<\/div>\n\t\t\t\t<div class=\"elementor-column elementor-col-33 elementor-top-column elementor-element elementor-element-c935165\" data-id=\"c935165\" data-element_type=\"column\" data-e-type=\"column\">\n\t\t\t<div class=\"elementor-widget-wrap\">\n\t\t\t\t\t\t\t<\/div>\n\t\t<\/div>\n\t\t\t\t\t<\/div>\n\t\t<\/section>\n\t\t\t\t<section class=\"elementor-section elementor-top-section elementor-element elementor-element-5416130 elementor-section-boxed elementor-section-height-default elementor-section-height-default\" data-id=\"5416130\" data-element_type=\"section\" data-e-type=\"section\">\n\t\t\t\t\t\t<div class=\"elementor-container elementor-column-gap-default\">\n\t\t\t\t\t<div class=\"elementor-column elementor-col-100 elementor-top-column elementor-element elementor-element-0ca3c46\" data-id=\"0ca3c46\" data-element_type=\"column\" data-e-type=\"column\">\n\t\t\t<div class=\"elementor-widget-wrap elementor-element-populated\">\n\t\t\t\t\t\t<div class=\"elementor-element elementor-element-98fef1d elementor-widget elementor-widget-spacer\" data-id=\"98fef1d\" data-element_type=\"widget\" data-e-type=\"widget\" data-widget_type=\"spacer.default\">\n\t\t\t\t<div class=\"elementor-widget-container\">\n\t\t\t\t\t\t\t<div class=\"elementor-spacer\">\n\t\t\t<div class=\"elementor-spacer-inner\"><\/div>\n\t\t<\/div>\n\t\t\t\t\t\t<\/div>\n\t\t\t\t<\/div>\n\t\t\t\t\t<\/div>\n\t\t<\/div>\n\t\t\t\t\t<\/div>\n\t\t<\/section>\n\t\t\t\t<section class=\"elementor-section elementor-top-section elementor-element elementor-element-0f71e17 elementor-section-boxed elementor-section-height-default elementor-section-height-default\" data-id=\"0f71e17\" data-element_type=\"section\" data-e-type=\"section\">\n\t\t\t\t\t\t<div class=\"elementor-container elementor-column-gap-default\">\n\t\t\t\t\t<div class=\"elementor-column elementor-col-100 elementor-top-column elementor-element elementor-element-d487b65\" data-id=\"d487b65\" data-element_type=\"column\" data-e-type=\"column\">\n\t\t\t<div class=\"elementor-widget-wrap\">\n\t\t\t\t\t\t\t<\/div>\n\t\t<\/div>\n\t\t\t\t\t<\/div>\n\t\t<\/section>\n\t\t\t\t<\/div>\n\t\t","protected":false},"excerpt":{"rendered":"<p>QU\u2019EST-CE QU\u2019UN PARC TERRITORIAL? Les parcs territoriaux du Nunavut sont nos endroits pr\u00e9f\u00e9r\u00e9s pour faire de la p\u00eache et du camping, cueillir des baies, faire du bateau ou prendre le th\u00e9. Leurs rivi\u00e8res et leurs sentiers ont \u00e9t\u00e9 parcourus pendant des milliers d\u2019ann\u00e9es et nos anc\u00eatres campaient sur leurs sites il y a des si\u00e8cles. [&hellip;]<\/p>\n","protected":false},"author":1,"featured_media":3632,"parent":0,"menu_order":0,"comment_status":"closed","ping_status":"closed","template":"","meta":{"_acf_changed":false,"site-sidebar-layout":"no-sidebar","site-content-layout":"page-builder","ast-site-content-layout":"default","site-content-style":"default","site-sidebar-style":"default","ast-global-header-display":"","ast-banner-title-visibility":"","ast-main-header-display":"","ast-hfb-above-header-display":"","ast-hfb-below-header-display":"","ast-hfb-mobile-header-display":"","site-post-title":"disabled","ast-breadcrumbs-content":"","ast-featured-img":"disabled","footer-sml-layout":"","ast-disable-related-posts":"","theme-transparent-header-meta":"default","adv-header-id-meta":"","stick-header-meta":"default","header-above-stick-meta":"","header-main-stick-meta":"","header-below-stick-meta":"","astra-migrate-meta-layouts":"set","ast-page-background-enabled":"default","ast-page-background-meta":{"desktop":{"background-color":"","background-image":"","background-repeat":"repeat","background-position":"center center","background-size":"auto","background-attachment":"scroll","background-type":"","background-media":"","overlay-type":"","overlay-color":"","overlay-opacity":"","overlay-gradient":""},"tablet":{"background-color":"","background-image":"","background-repeat":"repeat","background-position":"center center","background-size":"auto","background-attachment":"scroll","background-type":"","background-media":"","overlay-type":"","overlay-color":"","overlay-opacity":"","overlay-gradient":""},"mobile":{"background-color":"","background-image":"","background-repeat":"repeat","background-position":"center center","background-size":"auto","background-attachment":"scroll","background-type":"","background-media":"","overlay-type":"","overlay-color":"","overlay-opacity":"","overlay-gradient":""}},"ast-content-background-meta":{"desktop":{"background-color":"var(--ast-global-color-5)","background-image":"","background-repeat":"repeat","background-position":"center center","background-size":"auto","background-attachment":"scroll","background-type":"","background-media":"","overlay-type":"","overlay-color":"","overlay-opacity":"","overlay-gradient":""},"tablet":{"background-color":"var(--ast-global-color-5)","background-image":"","background-repeat":"repeat","background-position":"center center","background-size":"auto","background-attachment":"scroll","background-type":"","background-media":"","overlay-type":"","overlay-color":"","overlay-opacity":"","overlay-gradient":""},"mobile":{"background-color":"var(--ast-global-color-5)","background-image":"","background-repeat":"repeat","background-position":"center center","background-size":"auto","background-attachment":"scroll","background-type":"","background-media":"","overlay-type":"","overlay-color":"","overlay-opacity":"","overlay-gradient":""}},"footnotes":""},"class_list":["post-4385","page","type-page","status-publish","has-post-thumbnail","hentry"],"acf":[],"_links":{"self":[{"href":"https:\/\/nunavutparks.com\/fr\/wp-json\/wp\/v2\/pages\/4385","targetHints":{"allow":["GET"]}}],"collection":[{"href":"https:\/\/nunavutparks.com\/fr\/wp-json\/wp\/v2\/pages"}],"about":[{"href":"https:\/\/nunavutparks.com\/fr\/wp-json\/wp\/v2\/types\/page"}],"author":[{"embeddable":true,"href":"https:\/\/nunavutparks.com\/fr\/wp-json\/wp\/v2\/users\/1"}],"replies":[{"embeddable":true,"href":"https:\/\/nunavutparks.com\/fr\/wp-json\/wp\/v2\/comments?post=4385"}],"version-history":[{"count":10,"href":"https:\/\/nunavutparks.com\/fr\/wp-json\/wp\/v2\/pages\/4385\/revisions"}],"predecessor-version":[{"id":5467,"href":"https:\/\/nunavutparks.com\/fr\/wp-json\/wp\/v2\/pages\/4385\/revisions\/5467"}],"wp:featuredmedia":[{"embeddable":true,"href":"https:\/\/nunavutparks.com\/fr\/wp-json\/wp\/v2\/media\/3632"}],"wp:attachment":[{"href":"https:\/\/nunavutparks.com\/fr\/wp-json\/wp\/v2\/media?parent=4385"}],"curies":[{"name":"wp","href":"https:\/\/api.w.org\/{rel}","templated":true}]}}