{"id":4627,"date":"2023-10-23T12:58:47","date_gmt":"2023-10-23T16:58:47","guid":{"rendered":"https:\/\/nunavutparks.com\/territorial-parks-act-consultations\/"},"modified":"2025-07-31T09:50:47","modified_gmt":"2025-07-31T13:50:47","slug":"apprendre","status":"publish","type":"page","link":"https:\/\/nunavutparks.com\/fr\/apprendre\/","title":{"rendered":"Apprendre"},"content":{"rendered":"\t\t<div data-elementor-type=\"wp-page\" data-elementor-id=\"4627\" class=\"elementor elementor-4627 elementor-4350\" data-elementor-post-type=\"page\">\n\t\t\t\t\t\t<section class=\"elementor-section elementor-top-section elementor-element elementor-element-5e8bb2b elementor-section-boxed elementor-section-height-default elementor-section-height-default\" data-id=\"5e8bb2b\" data-element_type=\"section\" data-e-type=\"section\" data-settings=\"{&quot;background_background&quot;:&quot;classic&quot;}\">\n\t\t\t\t\t\t\t<div class=\"elementor-background-overlay\"><\/div>\n\t\t\t\t\t\t\t<div class=\"elementor-container elementor-column-gap-default\">\n\t\t\t\t\t<div class=\"elementor-column elementor-col-100 elementor-top-column elementor-element elementor-element-c6569e1\" data-id=\"c6569e1\" data-element_type=\"column\" data-e-type=\"column\">\n\t\t\t<div class=\"elementor-widget-wrap elementor-element-populated\">\n\t\t\t\t\t\t\t<\/div>\n\t\t<\/div>\n\t\t\t\t\t<\/div>\n\t\t<\/section>\n\t\t\t\t<section class=\"elementor-section elementor-top-section elementor-element elementor-element-7ec0da9 elementor-section-boxed elementor-section-height-default elementor-section-height-default\" data-id=\"7ec0da9\" data-element_type=\"section\" data-e-type=\"section\">\n\t\t\t\t\t\t<div class=\"elementor-container elementor-column-gap-default\">\n\t\t\t\t\t<div class=\"elementor-column elementor-col-50 elementor-top-column elementor-element elementor-element-1919212\" data-id=\"1919212\" data-element_type=\"column\" data-e-type=\"column\">\n\t\t\t<div class=\"elementor-widget-wrap elementor-element-populated\">\n\t\t\t\t\t\t<div class=\"elementor-element elementor-element-8d1ba5d elementor-widget elementor-widget-spacer\" data-id=\"8d1ba5d\" data-element_type=\"widget\" data-e-type=\"widget\" data-widget_type=\"spacer.default\">\n\t\t\t\t<div class=\"elementor-widget-container\">\n\t\t\t\t\t\t\t<div class=\"elementor-spacer\">\n\t\t\t<div class=\"elementor-spacer-inner\"><\/div>\n\t\t<\/div>\n\t\t\t\t\t\t<\/div>\n\t\t\t\t<\/div>\n\t\t\t\t<div class=\"elementor-element elementor-element-8f1d5c3 elementor-widget elementor-widget-shortcode\" data-id=\"8f1d5c3\" data-element_type=\"widget\" data-e-type=\"widget\" data-widget_type=\"shortcode.default\">\n\t\t\t\t<div class=\"elementor-widget-container\">\n\t\t\t\t\t\t\t<div class=\"elementor-shortcode\"><div class=\"ast-breadcrumbs-wrapper\">\n\t\t\t<div class=\"ast-breadcrumbs-inner\"><nav role=\"navigation\" aria-label=\"Breadcrumbs\" class=\"breadcrumb-trail breadcrumbs\" ><div class=\"ast-breadcrumbs\"><ul class=\"trail-items\" ><li  class=\"trail-item trail-end\"><span><a href=\"https:\/\/nunavutparks.com\/fr\/\" rel=\"home\"><span >Home<\/span><\/a><\/span><\/li><\/ul><\/div><\/nav><\/div>\n\t\t<\/div><\/div>\n\t\t\t\t\t\t<\/div>\n\t\t\t\t<\/div>\n\t\t\t\t\t<\/div>\n\t\t<\/div>\n\t\t\t\t<div class=\"elementor-column elementor-col-50 elementor-top-column elementor-element elementor-element-756a5ce\" data-id=\"756a5ce\" data-element_type=\"column\" data-e-type=\"column\">\n\t\t\t<div class=\"elementor-widget-wrap\">\n\t\t\t\t\t\t\t<\/div>\n\t\t<\/div>\n\t\t\t\t\t<\/div>\n\t\t<\/section>\n\t\t\t\t<section class=\"elementor-section elementor-top-section elementor-element elementor-element-2526172 elementor-section-boxed elementor-section-height-default elementor-section-height-default\" data-id=\"2526172\" data-element_type=\"section\" data-e-type=\"section\">\n\t\t\t\t\t\t<div class=\"elementor-container elementor-column-gap-default\">\n\t\t\t\t\t<div class=\"elementor-column elementor-col-100 elementor-top-column elementor-element elementor-element-4394cc1\" data-id=\"4394cc1\" data-element_type=\"column\" data-e-type=\"column\">\n\t\t\t<div class=\"elementor-widget-wrap\">\n\t\t\t\t\t\t\t<\/div>\n\t\t<\/div>\n\t\t\t\t\t<\/div>\n\t\t<\/section>\n\t\t\t\t<section class=\"elementor-section elementor-top-section elementor-element elementor-element-eac7df4 elementor-section-boxed elementor-section-height-default elementor-section-height-default\" data-id=\"eac7df4\" data-element_type=\"section\" data-e-type=\"section\">\n\t\t\t\t\t\t<div class=\"elementor-container elementor-column-gap-default\">\n\t\t\t\t\t<div class=\"elementor-column elementor-col-100 elementor-top-column elementor-element elementor-element-9174d8f\" data-id=\"9174d8f\" data-element_type=\"column\" data-e-type=\"column\">\n\t\t\t<div class=\"elementor-widget-wrap elementor-element-populated\">\n\t\t\t\t\t\t<div class=\"elementor-element elementor-element-02e1a0d elementor-widget elementor-widget-text-editor\" data-id=\"02e1a0d\" data-element_type=\"widget\" data-e-type=\"widget\" data-widget_type=\"text-editor.default\">\n\t\t\t\t<div class=\"elementor-widget-container\">\n\t\t\t\t\t\t\t\t\t<p>Le programme \u201cApprendre\u201d de Parcs Nunavut et Endroits sp\u00e9ciaux a \u00e9t\u00e9 cr\u00e9\u00e9 pour encourager les gens \u00e0 d\u00e9couvrir le territoire.<\/p><p>Nous offrons des ateliers et des activit\u00e9s pour permettre aux participants de se connecter \u00e0 la nature ainsi qu\u2019aux traditions et \u00e0 la culture inuite par l\u2019apprentissage d\u2019habilet\u00e9s et de connaissances.<\/p><p>Les activit\u00e9s d\u00e9veloppent un sentiment de fiert\u00e9 et de connexion envers la culture et l\u2019histoire du territoire. Les sessions sont en personne et manuelle. L\u2019apprentissage est facilit\u00e9 par des experts locaux, des ain\u00e9s et des \u00e9tudiants.<\/p><p>Parcs Nunavut propose des activit\u00e9s et des exp\u00e9riences culturellement authentique avec des sessions comme\u00a0:<\/p><ul><li>Apprendre \u00e0 fabriquer un <em>Kakivak<\/em> (harpon traditionnel),<\/li><li>Apprendre \u00e0 jouer \u00e0 des jeux inuits,<\/li><li>Apprendre \u00e0 faire du <em>Pitsi<\/em> (poisson s\u00e9ch\u00e9),<\/li><li>Apprendre \u00e0 faire de l\u2019arch\u00e9ologie,<\/li><li>Apprendre \u00e0 allumer un <em>Qulliq<\/em> (lampe \u00e0 huile traditionnelle),<\/li><li>Apprendre \u00e0 connaitre l\u2019<em>Allupajaaq<\/em> (rituel entourant la consommation de phoque).<\/li><\/ul>\t\t\t\t\t\t\t\t<\/div>\n\t\t\t\t<\/div>\n\t\t\t\t\t<\/div>\n\t\t<\/div>\n\t\t\t\t\t<\/div>\n\t\t<\/section>\n\t\t\t\t<section class=\"elementor-section elementor-top-section elementor-element elementor-element-fd7c942 elementor-section-boxed elementor-section-height-default elementor-section-height-default\" data-id=\"fd7c942\" data-element_type=\"section\" data-e-type=\"section\">\n\t\t\t\t\t\t<div class=\"elementor-container elementor-column-gap-default\">\n\t\t\t\t\t<div class=\"elementor-column elementor-col-100 elementor-top-column elementor-element elementor-element-f9fb235\" data-id=\"f9fb235\" data-element_type=\"column\" data-e-type=\"column\">\n\t\t\t<div class=\"elementor-widget-wrap elementor-element-populated\">\n\t\t\t\t\t\t<div class=\"elementor-element elementor-element-b2bb77c elementor-widget elementor-widget-text-editor\" data-id=\"b2bb77c\" data-element_type=\"widget\" data-e-type=\"widget\" data-widget_type=\"text-editor.default\">\n\t\t\t\t<div class=\"elementor-widget-container\">\n\t\t\t\t\t\t\t\t\t<h3>Calendrier des activit\u00e9s<\/h3>\t\t\t\t\t\t\t\t<\/div>\n\t\t\t\t<\/div>\n\t\t\t\t\t<\/div>\n\t\t<\/div>\n\t\t\t\t\t<\/div>\n\t\t<\/section>\n\t\t\t\t<section class=\"elementor-section elementor-top-section elementor-element elementor-element-87ab1a3 elementor-section-boxed elementor-section-height-default elementor-section-height-default\" data-id=\"87ab1a3\" data-element_type=\"section\" data-e-type=\"section\">\n\t\t\t\t\t\t<div class=\"elementor-container elementor-column-gap-default\">\n\t\t\t\t\t<div class=\"elementor-column elementor-col-100 elementor-top-column elementor-element elementor-element-7ab9061\" data-id=\"7ab9061\" data-element_type=\"column\" data-e-type=\"column\">\n\t\t\t<div class=\"elementor-widget-wrap elementor-element-populated\">\n\t\t\t\t\t\t<div class=\"elementor-element elementor-element-22dbdce elementor-hidden-tablet elementor-hidden-mobile elementor-widget elementor-widget-shortcode\" data-id=\"22dbdce\" data-element_type=\"widget\" data-e-type=\"widget\" data-widget_type=\"shortcode.default\">\n\t\t\t\t<div class=\"elementor-widget-container\">\n\t\t\t\t\t\t\t<div class=\"elementor-shortcode\"><section class=\"page-section all-resources-section\">\n        <h2 class=\"section-title\"><\/h2>\n\n\n<div class=\"attachments-content\">\n\n    <figure class=\"attachment-figure\">\n        <a href=\"https:\/\/nunavutparks.com\/wp-content\/uploads\/2025\/07\/2025-Learn-To-Schedule-Rankin-FR.pdf\" target=\"_blank\">\n                            <img decoding=\"async\" src=\"https:\/\/nunavutparks.com\/wp-content\/uploads\/2024\/06\/2024-06-Learn-To-Schedule-Draft-fr_ca.jpg\" class=\"attachment-thumbnail\" style=\"width: 150px;\"\/>\n                    <\/a>\n        <figcaption class=\"attachment-content-wrapper\">\n                            <a href=\"https:\/\/nunavutparks.com\/wp-content\/uploads\/2025\/07\/2025-Learn-To-Schedule-Rankin-FR.pdf\" target=\"_blank\">\n                    <h4 class=\"attachment-title\">Rankin Inlet -  \u00e9t\u00e9 2025<\/h4>\n                <\/a>\n                <a class=\"download-icon\" href=\"https:\/\/nunavutparks.com\/wp-content\/uploads\/2025\/07\/2025-Learn-To-Schedule-Rankin-FR.pdf\" download>\n                    <img decoding=\"async\" src=\"\/wp-content\/uploads\/2022\/08\/Download-1.png\" style=\"width:32px; height: 32px;\"\/>\n                    <!--<svg xmlns=\"http:\/\/www.w3.org\/2000\/svg\" viewBox=\"0 0 512 512\">--><!--! Font Awesome Pro 6.1.2 by @fontawesome - https:\/\/fontawesome.com License - https:\/\/fontawesome.com\/license (Commercial License) Copyright 2022 Fonticons, Inc. --><!--<path d=\"M480 352h-133.5l-45.25 45.25C289.2 409.3 273.1 416 256 416s-33.16-6.656-45.25-18.75L165.5 352H32c-17.67 0-32 14.33-32 32v96c0 17.67 14.33 32 32 32h448c17.67 0 32-14.33 32-32v-96C512 366.3 497.7 352 480 352zM432 456c-13.2 0-24-10.8-24-24c0-13.2 10.8-24 24-24s24 10.8 24 24C456 445.2 445.2 456 432 456zM233.4 374.6C239.6 380.9 247.8 384 256 384s16.38-3.125 22.62-9.375l128-128c12.49-12.5 12.49-32.75 0-45.25c-12.5-12.5-32.76-12.5-45.25 0L288 274.8V32c0-17.67-14.33-32-32-32C238.3 0 224 14.33 224 32v242.8L150.6 201.4c-12.49-12.5-32.75-12.5-45.25 0c-12.49 12.5-12.49 32.75 0 45.25L233.4 374.6z\"\/><\/svg>-->\n                <\/a>\n                    <\/figcaption>\n    <\/figure>            \n          \n        \n\n    <figure class=\"attachment-figure\">\n        <a href=\"https:\/\/nunavutparks.com\/wp-content\/uploads\/2025\/06\/2025-Learn-To-Schedule-Kugluktuk-fr_ca.pdf\" target=\"_blank\">\n                            <img decoding=\"async\" src=\"https:\/\/nunavutparks.com\/wp-content\/uploads\/2024\/06\/2024-Kugluk-Learn-To-Schedule-fr_ca_comprssed.jpg\" class=\"attachment-thumbnail\" style=\"width: 150px;\"\/>\n                    <\/a>\n        <figcaption class=\"attachment-content-wrapper\">\n                            <a href=\"https:\/\/nunavutparks.com\/wp-content\/uploads\/2025\/06\/2025-Learn-To-Schedule-Kugluktuk-fr_ca.pdf\" target=\"_blank\">\n                    <h4 class=\"attachment-title\">Kugluktuk -  \u00e9t\u00e9 2025<\/h4>\n                <\/a>\n                <a class=\"download-icon\" href=\"https:\/\/nunavutparks.com\/wp-content\/uploads\/2025\/06\/2025-Learn-To-Schedule-Kugluktuk-fr_ca.pdf\" download>\n                    <img decoding=\"async\" src=\"\/wp-content\/uploads\/2022\/08\/Download-1.png\" style=\"width:32px; height: 32px;\"\/>\n                    <!--<svg xmlns=\"http:\/\/www.w3.org\/2000\/svg\" viewBox=\"0 0 512 512\">--><!--! Font Awesome Pro 6.1.2 by @fontawesome - https:\/\/fontawesome.com License - https:\/\/fontawesome.com\/license (Commercial License) Copyright 2022 Fonticons, Inc. --><!--<path d=\"M480 352h-133.5l-45.25 45.25C289.2 409.3 273.1 416 256 416s-33.16-6.656-45.25-18.75L165.5 352H32c-17.67 0-32 14.33-32 32v96c0 17.67 14.33 32 32 32h448c17.67 0 32-14.33 32-32v-96C512 366.3 497.7 352 480 352zM432 456c-13.2 0-24-10.8-24-24c0-13.2 10.8-24 24-24s24 10.8 24 24C456 445.2 445.2 456 432 456zM233.4 374.6C239.6 380.9 247.8 384 256 384s16.38-3.125 22.62-9.375l128-128c12.49-12.5 12.49-32.75 0-45.25c-12.5-12.5-32.76-12.5-45.25 0L288 274.8V32c0-17.67-14.33-32-32-32C238.3 0 224 14.33 224 32v242.8L150.6 201.4c-12.49-12.5-32.75-12.5-45.25 0c-12.49 12.5-12.49 32.75 0 45.25L233.4 374.6z\"\/><\/svg>-->\n                <\/a>\n                    <\/figcaption>\n    <\/figure>            \n          \n        \n\n    <figure class=\"attachment-figure\">\n        <a href=\"https:\/\/nunavutparks.com\/wp-content\/uploads\/2025\/07\/2025-Learn-To-Schedule-Iqaluit_fr-ca.pdf\" target=\"_blank\">\n                            <img decoding=\"async\" src=\"https:\/\/nunavutparks.com\/wp-content\/uploads\/2025\/07\/Iqaluit-2025.jpg\" class=\"attachment-thumbnail\" style=\"width: 150px;\"\/>\n                    <\/a>\n        <figcaption class=\"attachment-content-wrapper\">\n                            <a href=\"https:\/\/nunavutparks.com\/wp-content\/uploads\/2025\/07\/2025-Learn-To-Schedule-Iqaluit_fr-ca.pdf\" target=\"_blank\">\n                    <h4 class=\"attachment-title\">Iqaluit-  \u00e9t\u00e9 2025<\/h4>\n                <\/a>\n                <a class=\"download-icon\" href=\"https:\/\/nunavutparks.com\/wp-content\/uploads\/2025\/07\/2025-Learn-To-Schedule-Iqaluit_fr-ca.pdf\" download>\n                    <img decoding=\"async\" src=\"\/wp-content\/uploads\/2022\/08\/Download-1.png\" style=\"width:32px; height: 32px;\"\/>\n                    <!--<svg xmlns=\"http:\/\/www.w3.org\/2000\/svg\" viewBox=\"0 0 512 512\">--><!--! Font Awesome Pro 6.1.2 by @fontawesome - https:\/\/fontawesome.com License - https:\/\/fontawesome.com\/license (Commercial License) Copyright 2022 Fonticons, Inc. --><!--<path d=\"M480 352h-133.5l-45.25 45.25C289.2 409.3 273.1 416 256 416s-33.16-6.656-45.25-18.75L165.5 352H32c-17.67 0-32 14.33-32 32v96c0 17.67 14.33 32 32 32h448c17.67 0 32-14.33 32-32v-96C512 366.3 497.7 352 480 352zM432 456c-13.2 0-24-10.8-24-24c0-13.2 10.8-24 24-24s24 10.8 24 24C456 445.2 445.2 456 432 456zM233.4 374.6C239.6 380.9 247.8 384 256 384s16.38-3.125 22.62-9.375l128-128c12.49-12.5 12.49-32.75 0-45.25c-12.5-12.5-32.76-12.5-45.25 0L288 274.8V32c0-17.67-14.33-32-32-32C238.3 0 224 14.33 224 32v242.8L150.6 201.4c-12.49-12.5-32.75-12.5-45.25 0c-12.49 12.5-12.49 32.75 0 45.25L233.4 374.6z\"\/><\/svg>-->\n                <\/a>\n                    <\/figcaption>\n    <\/figure>            \n          \n        \n        \n<\/div> <!-- end attachments-content -->\n<\/section>\n<\/div>\n\t\t\t\t\t\t<\/div>\n\t\t\t\t<\/div>\n\t\t\t\t\t<\/div>\n\t\t<\/div>\n\t\t\t\t\t<\/div>\n\t\t<\/section>\n\t\t\t\t<section class=\"elementor-section elementor-top-section elementor-element elementor-element-3c3a30c elementor-section-boxed elementor-section-height-default elementor-section-height-default\" data-id=\"3c3a30c\" data-element_type=\"section\" data-e-type=\"section\">\n\t\t\t\t\t\t<div class=\"elementor-container elementor-column-gap-default\">\n\t\t\t\t\t<div class=\"elementor-column elementor-col-100 elementor-top-column elementor-element elementor-element-c04bf29\" data-id=\"c04bf29\" data-element_type=\"column\" data-e-type=\"column\">\n\t\t\t<div class=\"elementor-widget-wrap elementor-element-populated\">\n\t\t\t\t\t\t<div class=\"elementor-element elementor-element-934f5a1 elementor-widget elementor-widget-text-editor\" data-id=\"934f5a1\" data-element_type=\"widget\" data-e-type=\"widget\" data-widget_type=\"text-editor.default\">\n\t\t\t\t<div class=\"elementor-widget-container\">\n\t\t\t\t\t\t\t\t\t<h3>C\u00e9l\u00e9bration des parcs<\/h3>\t\t\t\t\t\t\t\t<\/div>\n\t\t\t\t<\/div>\n\t\t\t\t\t<\/div>\n\t\t<\/div>\n\t\t\t\t\t<\/div>\n\t\t<\/section>\n\t\t\t\t<section class=\"elementor-section elementor-top-section elementor-element elementor-element-7528e11 elementor-section-boxed elementor-section-height-default elementor-section-height-default\" data-id=\"7528e11\" data-element_type=\"section\" data-e-type=\"section\">\n\t\t\t\t\t\t<div class=\"elementor-container elementor-column-gap-default\">\n\t\t\t\t\t<div class=\"elementor-column elementor-col-100 elementor-top-column elementor-element elementor-element-b31e0d3\" data-id=\"b31e0d3\" data-element_type=\"column\" data-e-type=\"column\">\n\t\t\t<div class=\"elementor-widget-wrap elementor-element-populated\">\n\t\t\t\t\t\t<div class=\"elementor-element elementor-element-a8937bf elementor-hidden-tablet elementor-hidden-mobile elementor-widget elementor-widget-text-editor\" data-id=\"a8937bf\" data-element_type=\"widget\" data-e-type=\"widget\" data-widget_type=\"text-editor.default\">\n\t\t\t\t<div class=\"elementor-widget-container\">\n\t\t\t\t\t\t\t\t\t<p>Partout au Canada, les gens profitent de la Journ\u00e9e des parcs pour se rassembler afin de faire honneur \u00e0 leurs parcs f\u00e9d\u00e9raux, provinciaux et territoriaux. Au Nunavut, les parcs regorgent de merveilles de la nature, de beaut\u00e9 et de paysages \u00e0 couper le souffle.<\/p>\n<p>La Division des parcs et endroits sp\u00e9ciaux du Nunavut vous invite \u00e0 participer \u00e0 ses activit\u00e9s au cours desquelles vous pourrez vous r\u00e9galer, vous amuser \u00e0 des jeux et peut\u2011\u00eatre m\u00eame gagner des prix!<\/p>\n<p><\/p>\n<table>\n<tbody>\n<tr>\n<td width=\"151\">\n<p>&nbsp;<strong>Localit\u00e9 <\/strong><\/p>\n<\/td>\n<td width=\"151\">\n<p><strong>Date <\/strong><\/p>\n<\/td>\n<td width=\"151\">\n<p><strong>Heures <\/strong><\/p>\n<\/td>\n<td width=\"151\">\n<p><strong>Lieu <\/strong><\/p>\n<\/td>\n<\/tr>\n<tr>\n<td width=\"151\">\n<p>Iqaluit<\/p>\n<\/td>\n<td width=\"151\">\n<p>12 juillet 2025<\/p>\n<\/td>\n<td width=\"151\">\n<p>11 h \u00e0 15 h<\/p>\n<\/td>\n<td width=\"151\">\n<p>Pavillon du parc Sylvia Grinnell<\/p>\n<\/td>\n<\/tr>\n<tr>\n<td width=\"151\">\n<p>Grise Fiord<\/p>\n<\/td>\n<td width=\"151\">\n<p>12 juillet 2025<\/p>\n<\/td>\n<td width=\"151\">\n<p>13 h \u00e0 15 h<\/p>\n<\/td>\n<td width=\"151\">\n<p>Pavillon d\u2019information<\/p>\n<\/td>\n<\/tr>\n<tr>\n<td width=\"151\">\n<p>Kimmirut<\/p>\n<\/td>\n<td width=\"151\">\n<p>19 juillet 2025<\/p>\n<\/td>\n<td width=\"151\">\n<p>13 h \u00e0 15 h<\/p>\n<\/td>\n<td width=\"151\">\n<p>Pavillon d\u2019information<\/p>\n<\/td>\n<\/tr>\n<tr>\n<td width=\"151\">\n<p>Kugluktuk<\/p>\n<\/td>\n<td width=\"151\">\n<p>19 juillet 2025<\/p>\n<\/td>\n<td width=\"151\">\n<p>12 h \u00e0 15 h<\/p>\n<\/td>\n<td width=\"151\">\n<p>Terrain de camping de Kugluktuk<\/p>\n<\/td>\n<\/tr>\n<tr>\n<td width=\"151\">\n<p>Cambridge Bay<\/p>\n<\/td>\n<td width=\"151\">\n<p>25 juillet 2025<\/p>\n<\/td>\n<td width=\"151\">\n<p>14 h \u00e0 16 h<\/p>\n<\/td>\n<td width=\"151\">\n<p><span style=\"background-color: initial; font-size: 1rem;\">Terrain de baseball<\/span><\/p>\n<\/td>\n<\/tr>\n<tr>\n<td width=\"151\">\n<p>Rankin Inlet<\/p>\n<\/td>\n<td width=\"151\">\n<p>27 juillet 2025<\/p>\n<\/td>\n<td width=\"151\">\n<p>14 h \u00e0 17 h<\/p>\n<\/td>\n<td width=\"151\">\n<p>Pavillon du parc Iqalugaarjuup<\/p>\n<\/td>\n<\/tr>\n<tr>\n<td width=\"151\">\n<p>Kinngait<\/p>\n<\/td>\n<td width=\"151\">\n<p>16 aout 2025<\/p>\n<\/td>\n<td width=\"151\">\n<p>11 h \u00e0 14 h<\/p>\n<\/td>\n<td width=\"151\">\n<p>Terrain de baseball<\/p>\n<\/td>\n<\/tr>\n<tr>\n<td width=\"151\">\n<p>Baker Lake<\/p>\n<\/td>\n<td width=\"151\">\n<p>19 aout 2025<\/p>\n<\/td>\n<td width=\"151\">\n<p>12 h \u00e0 15 h<\/p>\n<\/td>\n<td width=\"151\">\n<p>Terrain de camping Inuujaarvik<\/p>\n<\/td>\n<\/tr>\n<\/tbody>\n<\/table>\t\t\t\t\t\t\t\t<\/div>\n\t\t\t\t<\/div>\n\t\t\t\t\t<\/div>\n\t\t<\/div>\n\t\t\t\t\t<\/div>\n\t\t<\/section>\n\t\t\t\t<\/div>\n\t\t","protected":false},"excerpt":{"rendered":"<p>Le programme \u201cApprendre\u201d de Parcs Nunavut et Endroits sp\u00e9ciaux a \u00e9t\u00e9 cr\u00e9\u00e9 pour encourager les gens \u00e0 d\u00e9couvrir le territoire. Nous offrons des ateliers et des activit\u00e9s pour permettre aux participants de se connecter \u00e0 la nature ainsi qu\u2019aux traditions et \u00e0 la culture inuite par l\u2019apprentissage d\u2019habilet\u00e9s et de connaissances. Les activit\u00e9s d\u00e9veloppent un [&hellip;]<\/p>\n","protected":false},"author":1,"featured_media":1485,"parent":0,"menu_order":0,"comment_status":"closed","ping_status":"closed","template":"","meta":{"_acf_changed":false,"site-sidebar-layout":"no-sidebar","site-content-layout":"page-builder","ast-site-content-layout":"full-width-container","site-content-style":"unboxed","site-sidebar-style":"unboxed","ast-global-header-display":"","ast-banner-title-visibility":"","ast-main-header-display":"","ast-hfb-above-header-display":"","ast-hfb-below-header-display":"","ast-hfb-mobile-header-display":"","site-post-title":"disabled","ast-breadcrumbs-content":"","ast-featured-img":"disabled","footer-sml-layout":"","ast-disable-related-posts":"","theme-transparent-header-meta":"default","adv-header-id-meta":"","stick-header-meta":"default","header-above-stick-meta":"","header-main-stick-meta":"","header-below-stick-meta":"","astra-migrate-meta-layouts":"set","ast-page-background-enabled":"default","ast-page-background-meta":{"desktop":{"background-color":"","background-image":"","background-repeat":"repeat","background-position":"center center","background-size":"auto","background-attachment":"scroll","background-type":"","background-media":"","overlay-type":"","overlay-color":"","overlay-opacity":"","overlay-gradient":""},"tablet":{"background-color":"","background-image":"","background-repeat":"repeat","background-position":"center center","background-size":"auto","background-attachment":"scroll","background-type":"","background-media":"","overlay-type":"","overlay-color":"","overlay-opacity":"","overlay-gradient":""},"mobile":{"background-color":"","background-image":"","background-repeat":"repeat","background-position":"center center","background-size":"auto","background-attachment":"scroll","background-type":"","background-media":"","overlay-type":"","overlay-color":"","overlay-opacity":"","overlay-gradient":""}},"ast-content-background-meta":{"desktop":{"background-color":"var(--ast-global-color-5)","background-image":"","background-repeat":"repeat","background-position":"center center","background-size":"auto","background-attachment":"scroll","background-type":"","background-media":"","overlay-type":"","overlay-color":"","overlay-opacity":"","overlay-gradient":""},"tablet":{"background-color":"var(--ast-global-color-5)","background-image":"","background-repeat":"repeat","background-position":"center center","background-size":"auto","background-attachment":"scroll","background-type":"","background-media":"","overlay-type":"","overlay-color":"","overlay-opacity":"","overlay-gradient":""},"mobile":{"background-color":"var(--ast-global-color-5)","background-image":"","background-repeat":"repeat","background-position":"center center","background-size":"auto","background-attachment":"scroll","background-type":"","background-media":"","overlay-type":"","overlay-color":"","overlay-opacity":"","overlay-gradient":""}},"footnotes":""},"class_list":["post-4627","page","type-page","status-publish","has-post-thumbnail","hentry"],"acf":[],"_links":{"self":[{"href":"https:\/\/nunavutparks.com\/fr\/wp-json\/wp\/v2\/pages\/4627","targetHints":{"allow":["GET"]}}],"collection":[{"href":"https:\/\/nunavutparks.com\/fr\/wp-json\/wp\/v2\/pages"}],"about":[{"href":"https:\/\/nunavutparks.com\/fr\/wp-json\/wp\/v2\/types\/page"}],"author":[{"embeddable":true,"href":"https:\/\/nunavutparks.com\/fr\/wp-json\/wp\/v2\/users\/1"}],"replies":[{"embeddable":true,"href":"https:\/\/nunavutparks.com\/fr\/wp-json\/wp\/v2\/comments?post=4627"}],"version-history":[{"count":101,"href":"https:\/\/nunavutparks.com\/fr\/wp-json\/wp\/v2\/pages\/4627\/revisions"}],"predecessor-version":[{"id":6495,"href":"https:\/\/nunavutparks.com\/fr\/wp-json\/wp\/v2\/pages\/4627\/revisions\/6495"}],"wp:featuredmedia":[{"embeddable":true,"href":"https:\/\/nunavutparks.com\/fr\/wp-json\/wp\/v2\/media\/1485"}],"wp:attachment":[{"href":"https:\/\/nunavutparks.com\/fr\/wp-json\/wp\/v2\/media?parent=4627"}],"curies":[{"name":"wp","href":"https:\/\/api.w.org\/{rel}","templated":true}]}}